{"id":5809,"date":"2025-06-11T16:24:46","date_gmt":"2025-06-11T19:24:46","guid":{"rendered":"https:\/\/naturesnestrvcamping.ca\/product\/natures-nest-gift-card\/"},"modified":"2026-03-12T23:34:49","modified_gmt":"2026-03-13T02:34:49","slug":"carte-cadeau-de-natures-nest","status":"publish","type":"product","link":"https:\/\/naturesnestrvcamping.ca\/fr\/produit\/carte-cadeau-de-natures-nest\/","title":{"rendered":"Carte-Cadeau de Nature&rsquo;s Nest"},"content":{"rendered":"<h4>Foire aux questions \u2014 Cartes\u2011cadeaux<\/h4>\n<p><em><strong>\u00c0 quoi servent les cartes\u2011cadeaux?<\/strong><\/em><br \/>\nNos cartes\u2011cadeaux peuvent \u00eatre utilis\u00e9es pour des emplacements de VR ou de tente.<\/p>\n<p><em><strong>Puis\u2011je choisir le montant de ma carte\u2011cadeau?<\/strong><\/em><br \/>\nOui. Vous pouvez choisir le montant qui vous convient, de 25 $ \u00e0 1 000 $.<\/p>\n<p><em><strong>Les cartes\u2011cadeaux expirent\u2011elles?<\/strong><\/em><br \/>\nNon. Nos cartes\u2011cadeaux n\u2019ont pas de date d\u2019expiration \u2014 utilisez votre carte\u2011cadeau au moment qui vous convient pour r\u00e9server votre s\u00e9jour.<\/p>\n<p><em><strong>Y a\u2011t\u2011il des frais pour l\u2019achat ou l\u2019utilisation d\u2019une carte\u2011cadeau?<\/strong><\/em><br \/>\nNon. Aucuns frais suppl\u00e9mentaires ne s\u2019appliquent \u00e0 l\u2019achat ou \u00e0 l\u2019utilisation d\u2019une carte\u2011cadeau.<\/p>\n<p><em><strong>Puis\u2011je acheter plusieurs cartes\u2011cadeaux \u00e0 la fois?<\/strong><\/em><br \/>\nOui. Ajoutez simplement chaque carte\u2011cadeau \u00e0 votre panier. Si vous souhaitez les envoyer \u00e0 des destinataires diff\u00e9rents, vous pourrez entrer leurs coordonn\u00e9es lors du paiement.<\/p>\n<p><em><strong>Recevrai\u2011je une carte\u2011cadeau physique ou \u00e9lectronique?<\/strong><\/em><br \/>\nNous envoyons des cartes\u2011cadeaux \u00e9lectroniques par courriel au destinataire que vous choisissez au moment de l\u2019achat.<\/p>\n<p><em><strong>Comment puis\u2011je utiliser une carte\u2011cadeau?<\/strong><\/em><br \/>\nChoisissez votre emplacement de VR ou de tente et les dates de votre s\u00e9jour. \u00c0 l\u2019\u00e9tape du paiement, entrez les renseignements de votre carte\u2011cadeau; le montant sera appliqu\u00e9 \u00e0 votre r\u00e9servation.<\/p>\n<p><em><strong>Que se passe\u2011t\u2011il si le montant de ma r\u00e9servation est inf\u00e9rieur \u00e0 la valeur de la carte\u2011cadeau?<\/strong><\/em><br \/>\nLe solde restant demeurera sur votre carte\u2011cadeau pour une utilisation future.<\/p>\n<p><em><strong>Puis\u2011je transf\u00e9rer une carte\u2011cadeau \u00e0 quelqu\u2019un d\u2019autre?<\/strong><\/em><br \/>\nOui. Si vous souhaitez offrir votre carte\u2011cadeau \u00e0 quelqu\u2019un d\u2019autre, vous pouvez le faire.<\/p>\n<p><em><strong>Comment puis\u2011je v\u00e9rifier le solde de ma carte\u2011cadeau?<\/strong><\/em><br \/>\nVous pouvez consulter votre solde : <a href=\"https:\/\/naturesnestrvcamping.ca\/fr\/solde-de-votre-carte%e2%80%91cadeau\/\">https:\/\/naturesnestrvcamping.ca\/fr\/solde-de-votre-carte\u2011cadeau\/<\/a><\/p>\n<p><em><strong>Puis\u2011je retourner une carte\u2011cadeau pour obtenir un remboursement?<\/strong><\/em><br \/>\nLes cartes\u2011cadeaux ne sont pas remboursables; toutefois, vous pouvez offrir votre carte\u2011cadeau \u00e0 une autre personne.<\/p>\n<p><em><strong>Que faire si j\u2019\u00e9gare ma carte\u2011cadeau?<\/strong><\/em><br \/>\n<span style=\"text-decoration: underline;\"><a href=\"info@naturesnestrvcamping.ca\">\u00c9crivez\u2011nous<\/a><\/span> et nous vous renverrons les renseignements de votre carte\u2011cadeau par courriel.<\/p>\n","protected":false},"excerpt":{"rendered":"<p><strong>Offrez l\u2019aventure !<\/strong><\/p>\n<p>Nos nouvelles cartes-cadeaux \u00e9lectroniques sont la fa\u00e7on id\u00e9ale de partager le plaisir du camping en VR ou sous la tente.<\/p>\n<p>Choisissez le montant, envoyez-les par courriel, et laissez vos amis et vos proches r\u00e9server leur prochaine grande escapade quand ils le souhaitent.<\/p>\n<p>Nos cartes-cadeaux sont un moyen simple de surprendre quelqu\u2019un avec un s\u00e9jour m\u00e9morable !<\/p>\n","protected":false},"featured_media":7172,"comment_status":"closed","ping_status":"closed","template":"","meta":[],"product_brand":[],"product_cat":[236],"product_tag":[],"class_list":{"0":"post-5809","1":"product","2":"type-product","3":"status-publish","4":"has-post-thumbnail","6":"product_cat-uncategorized-fr","8":"first","9":"instock","10":"purchasable","11":"product-type-pw-gift-card"},"_links":{"self":[{"href":"https:\/\/naturesnestrvcamping.ca\/fr\/wp-json\/wp\/v2\/product\/5809","targetHints":{"allow":["GET"]}}],"collection":[{"href":"https:\/\/naturesnestrvcamping.ca\/fr\/wp-json\/wp\/v2\/product"}],"about":[{"href":"https:\/\/naturesnestrvcamping.ca\/fr\/wp-json\/wp\/v2\/types\/product"}],"replies":[{"embeddable":true,"href":"https:\/\/naturesnestrvcamping.ca\/fr\/wp-json\/wp\/v2\/comments?post=5809"}],"wp:featuredmedia":[{"embeddable":true,"href":"https:\/\/naturesnestrvcamping.ca\/fr\/wp-json\/wp\/v2\/media\/7172"}],"wp:attachment":[{"href":"https:\/\/naturesnestrvcamping.ca\/fr\/wp-json\/wp\/v2\/media?parent=5809"}],"wp:term":[{"taxonomy":"product_brand","embeddable":true,"href":"https:\/\/naturesnestrvcamping.ca\/fr\/wp-json\/wp\/v2\/product_brand?post=5809"},{"taxonomy":"product_cat","embeddable":true,"href":"https:\/\/naturesnestrvcamping.ca\/fr\/wp-json\/wp\/v2\/product_cat?post=5809"},{"taxonomy":"product_tag","embeddable":true,"href":"https:\/\/naturesnestrvcamping.ca\/fr\/wp-json\/wp\/v2\/product_tag?post=5809"}],"curies":[{"name":"wp","href":"https:\/\/api.w.org\/{rel}","templated":true}]}}