{"id":7107,"date":"2026-02-26T13:43:55","date_gmt":"2026-02-26T17:43:55","guid":{"rendered":"https:\/\/naturesnestrvcamping.ca\/southwest-miramichi-motor-boat-launch\/"},"modified":"2026-03-13T10:26:30","modified_gmt":"2026-03-13T13:26:30","slug":"rampe-de-mise-a-leau-pour-bateaux-a-moteur","status":"publish","type":"page","link":"https:\/\/naturesnestrvcamping.ca\/fr\/rampe-de-mise-a-leau-pour-bateaux-a-moteur\/","title":{"rendered":"Rampe de mise \u00e0 l\u2019eau pour bateaux \u00e0 moteur"},"content":{"rendered":"<div class=\"fusion-fullwidth fullwidth-box fusion-builder-row-1 has-pattern-background has-mask-background nonhundred-percent-fullwidth non-hundred-percent-height-scrolling\" style=\"--awb-background-position:center bottom;--awb-border-radius-top-left:0px;--awb-border-radius-top-right:0px;--awb-border-radius-bottom-right:0px;--awb-border-radius-bottom-left:0px;--awb-padding-top:4%;--awb-padding-right:4%;--awb-padding-bottom:0px;--awb-padding-left:4%;--awb-flex-wrap:wrap;\" ><div class=\"fusion-builder-row fusion-row\"><div class=\"fusion-layout-column fusion_builder_column fusion-builder-column-0 fusion_builder_column_1_1 1_1 fusion-one-full fusion-column-first fusion-column-last fusion-animated\" style=\"--awb-padding-bottom:30px;--awb-bg-size:cover;\" data-animationType=\"fadeInDown\" data-animationDuration=\"1.0\" data-animationOffset=\"top-into-view\" data-scroll-devices=\"small-visibility,medium-visibility,large-visibility\"><div class=\"fusion-column-wrapper fusion-column-has-shadow fusion-flex-column-wrapper-legacy\"><div class=\"fusion-title title fusion-title-1 fusion-sep-none fusion-title-center fusion-title-text fusion-title-size-two\" style=\"--awb-margin-top-small:0px;--awb-margin-right-small:0px;--awb-margin-bottom-small:20px;--awb-margin-left-small:0px;\"><h2 class=\"fusion-title-heading title-heading-center fusion-responsive-typography-calculated\" style=\"margin:0;--fontSize:60;line-height:1.5;\"><div>\n<p>Rampe de mise \u00e0 l\u2019eau pour bateaux \u00e0 moteur<\/p>\n<\/div><\/h2><\/div><div class=\"fusion-clearfix\"><\/div><\/div><\/div><div class=\"fusion-layout-column fusion_builder_column fusion-builder-column-1 fusion_builder_column_1_1 1_1 fusion-one-full fusion-column-first fusion-column-last fusion-animated\" style=\"--awb-bg-size:cover;--awb-margin-bottom:30px;\" data-animationType=\"fadeInLeft\" data-animationDuration=\"1.0\" data-animationOffset=\"top-into-view\"><div class=\"fusion-column-wrapper fusion-column-has-shadow fusion-flex-column-wrapper-legacy\"><div class=\"fusion-sep-clear\"><\/div><div class=\"fusion-separator fusion-full-width-sep\" style=\"margin-left: auto;margin-right: auto;margin-top:30px;width:100%;\"><\/div><div class=\"fusion-sep-clear\"><\/div><div class=\"fusion-text fusion-text-1\" style=\"--awb-content-alignment:center;\"><p>Les bateaux \u00e0 moteur, toutefois, doivent \u00eatre mis \u00e0 l\u2019eau et sortis de la rivi\u00e8re au\u00a0<strong>Parc municipal de Blackville<\/strong> situ\u00e9 \u00e0 environ 5 km par la route ou par la rivi\u00e8re.<\/p>\n<p>Les embarcations peuvent demeurer ancr\u00e9es le long de notre rive durant votre s\u00e9jour, mais pour des raisons de s\u00e9curit\u00e9 et de commodit\u00e9, la mise \u00e0 l\u2019eau et la sortie de l\u2019eau doivent se faire au parc, qui offre une rampe publique s\u00e9curitaire ainsi qu\u2019un grand stationnement.<\/p>\n<\/div><div class=\"fusion-clearfix\"><\/div><\/div><\/div><div class=\"fusion-layout-column fusion_builder_column fusion-builder-column-2 fusion_builder_column_1_1 1_1 fusion-one-full fusion-column-first fusion-column-last\" style=\"--awb-padding-bottom:0px;--awb-bg-size:cover;\" data-scroll-devices=\"small-visibility,medium-visibility,large-visibility\"><div class=\"fusion-column-wrapper fusion-column-has-shadow fusion-flex-column-wrapper-legacy\"><div class=\"fusion-slider-sc fusion-flexslider-loading flexslider fusion-aligncenter flexslider-hover-type-none\" data-slideshow_autoplay=\"1\" data-slideshow_smooth_height=\"0\" data-slideshow_speed=\"2000\" style=\"max-width:75%;height:75%;\"><ul class=\"slides\"><li class=\"image\"><span class=\"fusion-image-hover-element hover-type-none\"><img decoding=\"async\" src=\"https:\/\/naturesnestrvcamping.ca\/wp-content\/uploads\/2026\/03\/DJI_0697-1.jpeg\" width=\"2500\" height=\"1513\" class=\"wp-image-7200\" srcset=\"https:\/\/naturesnestrvcamping.ca\/wp-content\/uploads\/2026\/03\/DJI_0697-1-200x121.jpeg 200w, https:\/\/naturesnestrvcamping.ca\/wp-content\/uploads\/2026\/03\/DJI_0697-1-400x242.jpeg 400w, https:\/\/naturesnestrvcamping.ca\/wp-content\/uploads\/2026\/03\/DJI_0697-1-600x363.jpeg 600w, https:\/\/naturesnestrvcamping.ca\/wp-content\/uploads\/2026\/03\/DJI_0697-1-800x484.jpeg 800w, https:\/\/naturesnestrvcamping.ca\/wp-content\/uploads\/2026\/03\/DJI_0697-1-1200x726.jpeg 1200w, https:\/\/naturesnestrvcamping.ca\/wp-content\/uploads\/2026\/03\/DJI_0697-1.jpeg 2500w\" sizes=\"(max-width: 800px) 100vw, 2500px\" \/><\/span><\/li><\/ul><\/div><div class=\"fusion-clearfix\"><\/div><\/div><\/div><\/div><\/div>\n","protected":false},"excerpt":{"rendered":"","protected":false},"author":3485,"featured_media":0,"parent":0,"menu_order":0,"comment_status":"closed","ping_status":"closed","template":"100-width.php","meta":{"footnotes":""},"class_list":["post-7107","page","type-page","status-publish","hentry"],"_links":{"self":[{"href":"https:\/\/naturesnestrvcamping.ca\/fr\/wp-json\/wp\/v2\/pages\/7107","targetHints":{"allow":["GET"]}}],"collection":[{"href":"https:\/\/naturesnestrvcamping.ca\/fr\/wp-json\/wp\/v2\/pages"}],"about":[{"href":"https:\/\/naturesnestrvcamping.ca\/fr\/wp-json\/wp\/v2\/types\/page"}],"author":[{"embeddable":true,"href":"https:\/\/naturesnestrvcamping.ca\/fr\/wp-json\/wp\/v2\/users\/3485"}],"replies":[{"embeddable":true,"href":"https:\/\/naturesnestrvcamping.ca\/fr\/wp-json\/wp\/v2\/comments?post=7107"}],"version-history":[{"count":3,"href":"https:\/\/naturesnestrvcamping.ca\/fr\/wp-json\/wp\/v2\/pages\/7107\/revisions"}],"predecessor-version":[{"id":7202,"href":"https:\/\/naturesnestrvcamping.ca\/fr\/wp-json\/wp\/v2\/pages\/7107\/revisions\/7202"}],"wp:attachment":[{"href":"https:\/\/naturesnestrvcamping.ca\/fr\/wp-json\/wp\/v2\/media?parent=7107"}],"curies":[{"name":"wp","href":"https:\/\/api.w.org\/{rel}","templated":true}]}}