{"id":7103,"date":"2026-02-26T13:13:29","date_gmt":"2026-02-26T17:13:29","guid":{"rendered":"https:\/\/naturesnestrvcamping.ca\/southwest-miramichi-riverfront-access\/"},"modified":"2026-03-17T08:56:36","modified_gmt":"2026-03-17T11:56:36","slug":"acces-a-la-miramichi-sud-ouest","status":"publish","type":"page","link":"https:\/\/naturesnestrvcamping.ca\/fr\/acces-a-la-miramichi-sud-ouest\/","title":{"rendered":"Acc\u00e8s \u00e0 la Miramichi Sud-Ouest"},"content":{"rendered":"<div class=\"fusion-fullwidth fullwidth-box fusion-builder-row-1 has-pattern-background has-mask-background nonhundred-percent-fullwidth non-hundred-percent-height-scrolling\" style=\"--awb-background-position:center bottom;--awb-border-radius-top-left:0px;--awb-border-radius-top-right:0px;--awb-border-radius-bottom-right:0px;--awb-border-radius-bottom-left:0px;--awb-padding-top:4%;--awb-padding-right:4%;--awb-padding-bottom:0px;--awb-padding-left:4%;--awb-flex-wrap:wrap;\" ><div class=\"fusion-builder-row fusion-row\"><div class=\"fusion-layout-column fusion_builder_column fusion-builder-column-0 fusion_builder_column_1_1 1_1 fusion-one-full fusion-column-first fusion-column-last fusion-animated\" style=\"--awb-padding-bottom:30px;--awb-bg-size:cover;\" data-animationType=\"fadeInDown\" data-animationDuration=\"1.0\" data-animationOffset=\"top-into-view\" data-scroll-devices=\"small-visibility,medium-visibility,large-visibility\"><div class=\"fusion-column-wrapper fusion-column-has-shadow fusion-flex-column-wrapper-legacy\"><div class=\"fusion-title title fusion-title-1 fusion-sep-none fusion-title-center fusion-title-text fusion-title-size-two\" style=\"--awb-margin-top-small:0px;--awb-margin-right-small:0px;--awb-margin-bottom-small:20px;--awb-margin-left-small:0px;\"><h2 class=\"fusion-title-heading title-heading-center fusion-responsive-typography-calculated\" style=\"margin:0;--fontSize:60;line-height:1.5;\">Acc\u00e8s \u00e0 la <span class=\"il\">Miramichi<\/span>\u00a0Sud-Ouest<\/h2><\/div><div class=\"fusion-clearfix\"><\/div><\/div><\/div><div class=\"fusion-layout-column fusion_builder_column fusion-builder-column-1 fusion_builder_column_1_1 1_1 fusion-one-full fusion-column-first fusion-column-last fusion-animated\" style=\"--awb-bg-size:cover;--awb-margin-bottom:30px;\" data-animationType=\"fadeInLeft\" data-animationDuration=\"1.0\" data-animationOffset=\"top-into-view\"><div class=\"fusion-column-wrapper fusion-column-has-shadow fusion-flex-column-wrapper-legacy\"><div class=\"fusion-sep-clear\"><\/div><div class=\"fusion-separator fusion-full-width-sep\" style=\"margin-left: auto;margin-right: auto;margin-top:30px;width:100%;\"><\/div><div class=\"fusion-sep-clear\"><\/div><div class=\"fusion-text fusion-text-1\" style=\"--awb-content-alignment:center;\"><p>Les campeurs profitent d\u2019un acc\u00e8s direct \u00e0 la rivi\u00e8re depuis le terrain de camping. Que vous vous d\u00e9tendiez au bord de l\u2019eau en admirant les vues paisibles ou que vous vous r\u00e9unissiez autour d\u2019un feu de camp communautaire, notre rive est \u00e0 votre disposition tout au long de votre s\u00e9jour. Les canots, kayaks, planches \u00e0 pagaie et autres embarcations non motoris\u00e9es peuvent \u00e9galement \u00eatre mis \u00e0 l\u2019eau et sortis directement depuis notre rive.<\/p>\n<\/div><div class=\"fusion-clearfix\"><\/div><\/div><\/div><div class=\"fusion-layout-column fusion_builder_column fusion-builder-column-2 fusion_builder_column_1_1 1_1 fusion-one-full fusion-column-first fusion-column-last\" style=\"--awb-padding-bottom:0px;--awb-bg-size:cover;\" data-scroll-devices=\"small-visibility,medium-visibility,large-visibility\"><div class=\"fusion-column-wrapper fusion-column-has-shadow fusion-flex-column-wrapper-legacy\"><div class=\"fusion-slider-sc fusion-flexslider-loading flexslider fusion-aligncenter flexslider-hover-type-none\" data-slideshow_autoplay=\"1\" data-slideshow_smooth_height=\"0\" data-slideshow_speed=\"2000\" style=\"max-width:75%;height:75%;\"><ul class=\"slides\"><li class=\"image\"><span class=\"fusion-image-hover-element hover-type-none\"><img decoding=\"async\" src=\"https:\/\/naturesnestrvcamping.ca\/wp-content\/uploads\/2026\/03\/IMG_5054.jpg\" width=\"2415\" height=\"1708\" class=\"wp-image-7224\" srcset=\"https:\/\/naturesnestrvcamping.ca\/wp-content\/uploads\/2026\/03\/IMG_5054-200x141.jpg 200w, https:\/\/naturesnestrvcamping.ca\/wp-content\/uploads\/2026\/03\/IMG_5054-400x283.jpg 400w, https:\/\/naturesnestrvcamping.ca\/wp-content\/uploads\/2026\/03\/IMG_5054-600x424.jpg 600w, https:\/\/naturesnestrvcamping.ca\/wp-content\/uploads\/2026\/03\/IMG_5054-800x566.jpg 800w, https:\/\/naturesnestrvcamping.ca\/wp-content\/uploads\/2026\/03\/IMG_5054-1200x849.jpg 1200w, https:\/\/naturesnestrvcamping.ca\/wp-content\/uploads\/2026\/03\/IMG_5054.jpg 2415w\" sizes=\"(max-width: 800px) 100vw, 2415px\" \/><\/span><\/li><\/ul><\/div><div class=\"fusion-clearfix\"><\/div><\/div><\/div><\/div><\/div>\n","protected":false},"excerpt":{"rendered":"","protected":false},"author":3485,"featured_media":0,"parent":0,"menu_order":0,"comment_status":"closed","ping_status":"closed","template":"100-width.php","meta":{"footnotes":""},"class_list":["post-7103","page","type-page","status-publish","hentry"],"_links":{"self":[{"href":"https:\/\/naturesnestrvcamping.ca\/fr\/wp-json\/wp\/v2\/pages\/7103","targetHints":{"allow":["GET"]}}],"collection":[{"href":"https:\/\/naturesnestrvcamping.ca\/fr\/wp-json\/wp\/v2\/pages"}],"about":[{"href":"https:\/\/naturesnestrvcamping.ca\/fr\/wp-json\/wp\/v2\/types\/page"}],"author":[{"embeddable":true,"href":"https:\/\/naturesnestrvcamping.ca\/fr\/wp-json\/wp\/v2\/users\/3485"}],"replies":[{"embeddable":true,"href":"https:\/\/naturesnestrvcamping.ca\/fr\/wp-json\/wp\/v2\/comments?post=7103"}],"version-history":[{"count":4,"href":"https:\/\/naturesnestrvcamping.ca\/fr\/wp-json\/wp\/v2\/pages\/7103\/revisions"}],"predecessor-version":[{"id":7226,"href":"https:\/\/naturesnestrvcamping.ca\/fr\/wp-json\/wp\/v2\/pages\/7103\/revisions\/7226"}],"wp:attachment":[{"href":"https:\/\/naturesnestrvcamping.ca\/fr\/wp-json\/wp\/v2\/media?parent=7103"}],"curies":[{"name":"wp","href":"https:\/\/api.w.org\/{rel}","templated":true}]}}