{"id":4407,"date":"2025-02-20T20:38:36","date_gmt":"2025-02-21T00:38:36","guid":{"rendered":"https:\/\/naturesnestrvcamping.ca\/equipment-services\/"},"modified":"2026-03-13T10:15:21","modified_gmt":"2026-03-13T13:15:21","slug":"equipements-et-services","status":"publish","type":"page","link":"https:\/\/naturesnestrvcamping.ca\/fr\/equipements-et-services\/","title":{"rendered":"\u00c9quipements et services"},"content":{"rendered":"<div class=\"fusion-fullwidth fullwidth-box fusion-builder-row-1 has-pattern-background has-mask-background fusion-parallax-none nonhundred-percent-fullwidth non-hundred-percent-height-scrolling fusion-equal-height-columns\" style=\"--awb-border-radius-top-left:0px;--awb-border-radius-top-right:0px;--awb-border-radius-bottom-right:0px;--awb-border-radius-bottom-left:0px;--awb-padding-top:4%;--awb-padding-bottom:4%;--awb-background-image:linear-gradient(180deg, rgba(10,102,36,0.7) 0%,rgba(10,102,36,0.7) 100%),url(https:\/\/naturesnestrvcamping.ca\/wp-content\/uploads\/2019\/12\/landscaper-about-services-background.jpg);;--awb-background-size:cover;--awb-flex-wrap:wrap;\" ><div class=\"fusion-builder-row fusion-row\"><div class=\"fusion-layout-column fusion_builder_column fusion-builder-column-0 fusion_builder_column_1_1 1_1 fusion-one-full fusion-column-first fusion-column-last fusion-column-no-min-height fusion-animated\" style=\"--awb-bg-size:cover;--awb-margin-bottom:58px;\" data-animationType=\"fadeInDown\" data-animationDuration=\"1.0\" data-animationOffset=\"top-into-view\" data-scroll-devices=\"small-visibility,medium-visibility,large-visibility\"><div class=\"fusion-column-wrapper fusion-column-has-shadow fusion-flex-column-wrapper-legacy\"><div class=\"fusion-title title fusion-title-1 fusion-sep-none fusion-title-center fusion-title-text fusion-title-size-two\" style=\"--awb-text-color:#ffffff;--awb-margin-top-small:0px;--awb-margin-right-small:0px;--awb-margin-bottom-small:20px;--awb-margin-left-small:0px;\"><h2 class=\"fusion-title-heading title-heading-center fusion-responsive-typography-calculated\" style=\"margin:0;--fontSize:60;line-height:1.5;\">\u00c9quipements<\/h2><\/div><div class=\"fusion-text fusion-text-1\" style=\"--awb-text-color:#ffffff;\"><p style=\"text-align: center;\"><strong>Chaque emplacement est \u00e9quip\u00e9 d&rsquo;une table de pique-nique en c\u00e8dre d\u2019une largeur de 4 pieds et d&rsquo;un foyer \u00e0 bois en m\u00e9tal.<\/strong><\/p>\n<\/div><div class=\"fusion-clearfix\"><\/div><\/div><\/div><div class=\"fusion-layout-column fusion_builder_column fusion-builder-column-1 fusion_builder_column_1_1 1_1 fusion-one-full fusion-column-first fusion-column-last fusion-column-no-min-height fusion-animated\" style=\"--awb-bg-size:cover;--awb-margin-bottom:58px;\" data-animationType=\"fadeInDown\" data-animationDuration=\"1.0\" data-animationOffset=\"top-into-view\" data-scroll-devices=\"small-visibility,medium-visibility,large-visibility\"><div class=\"fusion-column-wrapper fusion-column-has-shadow fusion-flex-column-wrapper-legacy\"><div class=\"fusion-title title fusion-title-2 fusion-sep-none fusion-title-center fusion-title-text fusion-title-size-two\" style=\"--awb-text-color:#ffffff;--awb-margin-top-small:0px;--awb-margin-right-small:0px;--awb-margin-bottom-small:20px;--awb-margin-left-small:0px;\"><h2 class=\"fusion-title-heading title-heading-center fusion-responsive-typography-calculated\" style=\"margin:0;--fontSize:60;line-height:1.5;\">Services<\/h2><\/div><div class=\"fusion-text fusion-text-2\" style=\"--awb-text-color:#ffffff;\"><p style=\"text-align: center;\"><strong>Une salle de toilette portative muni de papier hygi\u00e9nique et d\u00e9sinfectant \u00e0 mains a \u00e9t\u00e9 strat\u00e9giquement install\u00e9e pour le b\u00e9n\u00e9fice exclusif de nos six emplacements de tentes. Cette unit\u00e9 est nettoy\u00e9e quotidiennement par notre personnel d\u2019entretient m\u00e9nag\u00e9.<\/strong><\/p>\n<p style=\"text-align: center;\"><strong>Bien que nos emplacements pour tentes n&rsquo;offrent pas d&rsquo;eau ni d&rsquo;\u00e9lectricit\u00e9, les campeurs ont acc\u00e8s aux installations du camping situ\u00e9es \u00e0 moins de cinq minutes \u00e0 pied (225 m\u00e8tres). Ici, nos campeurs sous tente auront acc\u00e8s au Wi-Fi haut d\u00e9bit gratuit, toilettes, douches chaudes, laveuse\/s\u00e9cheuse \u00e0 monnaie, \u00e0 l&rsquo;eau potable, y compris un poste de lavage de vaisselle int\u00e9rieur<\/strong><\/p>\n<\/div><div class=\"fusion-clearfix\"><\/div><\/div><\/div><\/div><\/div>\n","protected":false},"excerpt":{"rendered":"","protected":false},"author":3485,"featured_media":0,"parent":0,"menu_order":2,"comment_status":"closed","ping_status":"closed","template":"100-width.php","meta":{"footnotes":""},"class_list":["post-4407","page","type-page","status-publish","hentry"],"_links":{"self":[{"href":"https:\/\/naturesnestrvcamping.ca\/fr\/wp-json\/wp\/v2\/pages\/4407","targetHints":{"allow":["GET"]}}],"collection":[{"href":"https:\/\/naturesnestrvcamping.ca\/fr\/wp-json\/wp\/v2\/pages"}],"about":[{"href":"https:\/\/naturesnestrvcamping.ca\/fr\/wp-json\/wp\/v2\/types\/page"}],"author":[{"embeddable":true,"href":"https:\/\/naturesnestrvcamping.ca\/fr\/wp-json\/wp\/v2\/users\/3485"}],"replies":[{"embeddable":true,"href":"https:\/\/naturesnestrvcamping.ca\/fr\/wp-json\/wp\/v2\/comments?post=4407"}],"version-history":[{"count":1,"href":"https:\/\/naturesnestrvcamping.ca\/fr\/wp-json\/wp\/v2\/pages\/4407\/revisions"}],"predecessor-version":[{"id":7194,"href":"https:\/\/naturesnestrvcamping.ca\/fr\/wp-json\/wp\/v2\/pages\/4407\/revisions\/7194"}],"wp:attachment":[{"href":"https:\/\/naturesnestrvcamping.ca\/fr\/wp-json\/wp\/v2\/media?parent=4407"}],"curies":[{"name":"wp","href":"https:\/\/api.w.org\/{rel}","templated":true}]}}