{"id":4397,"date":"2025-02-07T21:44:41","date_gmt":"2025-02-08T01:44:41","guid":{"rendered":"https:\/\/naturesnestrvcamping.ca\/tent-site-descriptions\/"},"modified":"2026-03-13T10:16:57","modified_gmt":"2026-03-13T13:16:57","slug":"descriptions-des-sites-et-reservations","status":"publish","type":"page","link":"https:\/\/naturesnestrvcamping.ca\/fr\/descriptions-des-sites-et-reservations\/","title":{"rendered":"Descriptions des sites et r\u00e9servations"},"content":{"rendered":"<p><div class=\"fusion-fullwidth fullwidth-box fusion-builder-row-1 fusion-flex-container has-pattern-background has-mask-background hundred-percent-fullwidth non-hundred-percent-height-scrolling\" style=\"--awb-border-radius-top-left:0px;--awb-border-radius-top-right:0px;--awb-border-radius-bottom-right:0px;--awb-border-radius-bottom-left:0px;--awb-padding-top:4%;--awb-padding-bottom:4%;--awb-background-color:#faf9f6;--awb-flex-wrap:wrap;\" ><div class=\"fusion-builder-row fusion-row fusion-flex-align-items-flex-start fusion-flex-content-wrap\" style=\"width:104% !important;max-width:104% !important;margin-left: calc(-4% \/ 2 );margin-right: calc(-4% \/ 2 );\"><div class=\"fusion-layout-column fusion_builder_column fusion-builder-column-0 fusion_builder_column_1_6 1_6 fusion-flex-column\" style=\"--awb-bg-size:cover;--awb-width-large:16.666666666667%;--awb-margin-top-large:0px;--awb-spacing-right-large:11.52%;--awb-margin-bottom-large:0px;--awb-spacing-left-large:11.52%;--awb-width-medium:100%;--awb-order-medium:0;--awb-spacing-right-medium:1.92%;--awb-spacing-left-medium:1.92%;--awb-width-small:100%;--awb-order-small:0;--awb-spacing-right-small:1.92%;--awb-spacing-left-small:1.92%;\"><div class=\"fusion-column-wrapper fusion-column-has-shadow fusion-flex-justify-content-flex-start fusion-content-layout-column\"><\/div><\/div><div class=\"fusion-layout-column fusion_builder_column fusion-builder-column-1 fusion_builder_column_2_3 2_3 fusion-flex-column fusion-animated\" style=\"--awb-bg-size:cover;--awb-width-large:66.666666666667%;--awb-margin-top-large:40px;--awb-spacing-right-large:2.88%;--awb-margin-bottom-large:0px;--awb-spacing-left-large:2.88%;--awb-width-medium:100%;--awb-spacing-right-medium:1.92%;--awb-spacing-left-medium:1.92%;--awb-width-small:100%;--awb-spacing-right-small:1.92%;--awb-spacing-left-small:1.92%;\" data-animationType=\"fadeInDown\" data-animationDuration=\"1.0\" data-animationOffset=\"top-into-view\"><div class=\"fusion-column-wrapper fusion-column-has-shadow fusion-flex-justify-content-flex-start fusion-content-layout-column\"><div class=\"fusion-title title fusion-title-1 fusion-sep-none fusion-title-center fusion-title-text fusion-title-size-two\" style=\"--awb-margin-top-small:0px;--awb-margin-right-small:0px;--awb-margin-bottom-small:20px;--awb-margin-left-small:0px;--awb-font-size:36px;\"><h2 class=\"fusion-title-heading title-heading-center fusion-responsive-typography-calculated\" style=\"margin:0;font-size:1em;--fontSize:36;line-height:1.1;\">NOUVEAU pour 2025<\/h2><\/div><div class=\"fusion-title title fusion-title-2 fusion-sep-none fusion-title-center fusion-title-text fusion-title-size-three\" style=\"--awb-margin-top-small:0px;--awb-margin-right-small:0px;--awb-margin-bottom-small:20px;--awb-margin-left-small:0px;--awb-font-size:36px;\"><h3 class=\"fusion-title-heading title-heading-center fusion-responsive-typography-calculated\" style=\"margin:0;font-size:1em;--fontSize:36;line-height:1.5;\">Zone de camping sous tente<\/h3><\/div><\/div><\/div><div class=\"fusion-layout-column fusion_builder_column fusion-builder-column-2 fusion_builder_column_1_6 1_6 fusion-flex-column\" style=\"--awb-bg-size:cover;--awb-width-large:16.666666666667%;--awb-margin-top-large:0px;--awb-spacing-right-large:11.52%;--awb-margin-bottom-large:0px;--awb-spacing-left-large:11.52%;--awb-width-medium:100%;--awb-order-medium:0;--awb-spacing-right-medium:1.92%;--awb-spacing-left-medium:1.92%;--awb-width-small:100%;--awb-order-small:0;--awb-spacing-right-small:1.92%;--awb-spacing-left-small:1.92%;\"><div class=\"fusion-column-wrapper fusion-column-has-shadow fusion-flex-justify-content-flex-start fusion-content-layout-column\"><\/div><\/div><div class=\"fusion-layout-column fusion_builder_column fusion-builder-column-3 fusion_builder_column_1_6 1_6 fusion-flex-column\" style=\"--awb-bg-size:cover;--awb-width-large:16.666666666667%;--awb-margin-top-large:0px;--awb-spacing-right-large:11.52%;--awb-margin-bottom-large:0px;--awb-spacing-left-large:11.52%;--awb-width-medium:100%;--awb-order-medium:0;--awb-spacing-right-medium:1.92%;--awb-spacing-left-medium:1.92%;--awb-width-small:100%;--awb-order-small:0;--awb-spacing-right-small:1.92%;--awb-spacing-left-small:1.92%;\"><div class=\"fusion-column-wrapper fusion-column-has-shadow fusion-flex-justify-content-flex-start fusion-content-layout-column\"><\/div><\/div><div class=\"fusion-layout-column fusion_builder_column fusion-builder-column-4 fusion_builder_column_1_3 1_3 fusion-flex-column\" style=\"--awb-bg-size:cover;--awb-width-large:33.333333333333%;--awb-margin-top-large:0px;--awb-spacing-right-large:5.76%;--awb-margin-bottom-large:0px;--awb-spacing-left-large:5.76%;--awb-width-medium:100%;--awb-order-medium:0;--awb-spacing-right-medium:1.92%;--awb-spacing-left-medium:1.92%;--awb-width-small:100%;--awb-order-small:0;--awb-spacing-right-small:1.92%;--awb-spacing-left-small:1.92%;\"><div class=\"fusion-column-wrapper fusion-column-has-shadow fusion-flex-justify-content-flex-start fusion-content-layout-column\"><div class=\"fusion-text fusion-text-1\"><p style=\"text-align: center;\">Nous sommes ravis de vous proposer une exp\u00e9rience de camping en tente sur un terrain unique de 3 acres \u00e0 plusieurs niveaux. Il est situ\u00e9 juste \u00e0 c\u00f4t\u00e9 de notre espace r\u00e9serv\u00e9 aux roulottes de camping. Cette zone enti\u00e8rement d\u00e9di\u00e9e aux tentes compte six emplacements semi-am\u00e9nag\u00e9s, tous facilement accessibles par un chemin priv\u00e9. Chacun d\u2019eux dispose d\u2019un stationnement \u00e0 proximit\u00e9 pour garder votre v\u00e9hicule \u00e0 port\u00e9e de main.<\/p>\n<p style=\"text-align: center;\">Quatre de ces emplacements sont nich\u00e9s parmis de grands arbres matures, surplombant un petit ravin bois\u00e9 et paisible. Vous y profiterez d\u2019intimit\u00e9 et de tranquillit\u00e9 en pleine nature.<\/p>\n<p style=\"text-align: center;\">Les deux autres emplacements se trouvent sur un petit vallon baign\u00e9 de soleil. C\u2019est un endroit id\u00e9al pour les campeurs qui aiment profiter du plein soleil, admirer un ciel \u00e9toil\u00e9 la nuit et sentir une douce brise.<\/p>\n<p style=\"text-align: center;\">Tous nos emplacements sont \u00e9quip\u00e9s d\u2019une surface plane de 12 pi x 12 pi (144 pi\u00b2) recouverte d\u2019un petit gravier lisse. Ce rev\u00eatement assure un excellent drainage et garantit votre confort tout au long de votre s\u00e9jour.<\/p>\n<\/div><\/div><\/div><div class=\"fusion-layout-column fusion_builder_column fusion-builder-column-5 fusion_builder_column_1_3 1_3 fusion-flex-column\" style=\"--awb-bg-size:cover;--awb-width-large:33.333333333333%;--awb-margin-top-large:0px;--awb-spacing-right-large:5.76%;--awb-margin-bottom-large:0px;--awb-spacing-left-large:5.76%;--awb-width-medium:100%;--awb-order-medium:0;--awb-spacing-right-medium:1.92%;--awb-spacing-left-medium:1.92%;--awb-width-small:100%;--awb-order-small:0;--awb-spacing-right-small:1.92%;--awb-spacing-left-small:1.92%;\"><div class=\"fusion-column-wrapper fusion-column-has-shadow fusion-flex-justify-content-flex-start fusion-content-layout-column\"><div class=\"fusion-video fusion-selfhosted-video\" style=\"max-width:100%;\"><div class=\"video-wrapper\"><video playsinline=\"true\" width=\"100%\" style=\"object-fit: cover;\" loop=\"true\" preload=\"auto\" controls=\"1\"><source src=\"https:\/\/natures-nest.nyc3.digitaloceanspaces.com\/tent-2025-2.mp4\" type=\"video\/mp4\">Sorry, your browser doesn&#039;t support embedded videos.<\/video><\/div><\/div><\/div><\/div><div class=\"fusion-layout-column fusion_builder_column fusion-builder-column-6 fusion_builder_column_1_6 1_6 fusion-flex-column\" style=\"--awb-bg-size:cover;--awb-width-large:16.666666666667%;--awb-margin-top-large:0px;--awb-spacing-right-large:11.52%;--awb-margin-bottom-large:0px;--awb-spacing-left-large:11.52%;--awb-width-medium:100%;--awb-order-medium:0;--awb-spacing-right-medium:1.92%;--awb-spacing-left-medium:1.92%;--awb-width-small:100%;--awb-order-small:0;--awb-spacing-right-small:1.92%;--awb-spacing-left-small:1.92%;\"><div class=\"fusion-column-wrapper fusion-column-has-shadow fusion-flex-justify-content-flex-start fusion-content-layout-column\"><\/div><\/div><\/div><\/div><div class=\"fusion-fullwidth fullwidth-box fusion-builder-row-2 has-pattern-background has-mask-background nonhundred-percent-fullwidth non-hundred-percent-height-scrolling fusion-equal-height-columns\" style=\"--awb-border-radius-top-left:0px;--awb-border-radius-top-right:0px;--awb-border-radius-bottom-right:0px;--awb-border-radius-bottom-left:0px;--awb-padding-top:4%;--awb-padding-bottom:4%;--awb-flex-wrap:wrap;\" ><div class=\"fusion-builder-row fusion-row\"><div class=\"fusion-layout-column fusion_builder_column fusion-builder-column-7 fusion_builder_column_1_2 1_2 fusion-one-half fusion-column-first\" style=\"--awb-bg-size:cover;width:50%;width:calc(50% - ( ( 4% ) * 0.5 ) );margin-right: 4%;\" data-scroll-devices=\"small-visibility,medium-visibility,large-visibility\"><div class=\"fusion-column-wrapper fusion-column-has-shadow fusion-flex-column-wrapper-legacy\"><div class=\"fusion-column-content-centered\"><div class=\"fusion-column-content\"><div class=\"fusion-title title fusion-title-3 fusion-sep-none fusion-title-center fusion-title-text fusion-title-size-two\" style=\"--awb-margin-top-small:0px;--awb-margin-right-small:0px;--awb-margin-bottom-small:20px;--awb-margin-left-small:0px;--awb-font-size:36px;\"><h2 class=\"fusion-title-heading title-heading-center fusion-responsive-typography-calculated\" style=\"margin:0;font-size:1em;--fontSize:36;line-height:1.5;\">Saison de camping sous tentes<\/h2><\/div><div class=\"fusion-text fusion-text-2\"><p style=\"text-align: center;\">Notre saison r\u00e9guli\u00e8re s&rsquo;\u00e9tend du 1er juin au 30 septembre<\/p>\n<\/div><style type='text\/css'>\n\t\t\t\t.pricing-table-1.fusion-pricing-table .panel-container, .pricing-table-1.fusion-pricing-table .standout .panel-container,\n\t\t\t\t.pricing-table-1.full-boxed-pricing.fusion-pricing-table {background-color:#f8f8f8;}\n\t\t\t\t.pricing-table-1.fusion-pricing-table .list-group .list-group-item,\n\t\t\t\t.pricing-table-1.fusion-pricing-table .list-group .list-group-item:last-child{background-color:#ffffff; border-color:#ededed;}\n\t\t\t\t.pricing-table-1.full-boxed-pricing.fusion-pricing-table .panel-wrapper:hover .panel-heading,\n\t\t\t\t.pricing-table-1.fusion-pricing-table .panel-wrapper:hover .list-group-item {background-color:var(--awb-color2);}\n\t\t\t\t.pricing-table-1.full-boxed-pricing.fusion-pricing-table .panel-heading{background-color:#ffffff;}\n\t\t\t\t.pricing-table-1.fusion-pricing-table .fusion-panel, .pricing-table-1 .panel-wrapper:last-child .fusion-panel,\n\t\t\t\t.pricing-table-1.fusion-pricing-table .standout .fusion-panel, .pricing-table-1.fusion-pricing-table  .panel-heading,\n\t\t\t\t.pricing-table-1.fusion-pricing-table .panel-body, .pricing-table-1.fusion-pricing-table .panel-footer{border-color:#ededed;}\n\t\t\t\t.pricing-table-1.fusion-pricing-table .panel-body, .pricing-table-1.fusion-pricing-table .panel-footer{background-color:#f8f8f8;}\n\t\t\t\t.pricing-table-1.sep-boxed-pricing.fusion-pricing-table .panel-heading h3{color:#333333;}\n\t\t\t\t.pricing-table-1.full-boxed-pricing.fusion-pricing-table .panel-heading h3{color:#333333;}\n\t\t\t\t.pricing-table-1.fusion-pricing-table .panel-body .price .decimal-part{color:#65bc7b;}\n\t\t\t\t.pricing-table-1.fusion-pricing-table .panel-body .price .integer-part{color:#65bc7b;}\n\t\t\t\t.pricing-table-1.fusion-pricing-table ul.list-group li{color:#6d6d6d;}\n\t\t\t\t<\/style><div class=\"fusion-pricing-table pricing-table-1 full-boxed-pricing row fusion-columns-1 columns-1 fusion-clearfix\"><div class=\"panel-wrapper fusion-column column col-lg-12 col-md-12 col-sm-12 fusion-pricingtable-column\"><div class=\"panel-container\"><div class=\"fusion-panel\"><div class=\"panel-heading\"><h3 class=\"title-row\">Tarifs quotidiens 2026<\/h3><\/div><div class=\"panel-body pricing-row\"><div class=\"price \"><span class=\"integer-part\">38<\/span><span class=\"currency pos-right price-without-decimal\">$<\/span><\/div><\/div><\/ul><div class=\"panel-footer footer-row\">(plus TVH applicable)<\/div><\/div><\/div><\/div><\/div><\/div><\/div><div class=\"fusion-clearfix\"><\/div><\/div><\/div><div class=\"fusion-layout-column fusion_builder_column fusion-builder-column-8 fusion_builder_column_1_2 1_2 fusion-one-half fusion-column-last\" style=\"--awb-bg-size:cover;width:50%;width:calc(50% - ( ( 4% ) * 0.5 ) );\" data-scroll-devices=\"small-visibility,medium-visibility,large-visibility\"><div class=\"fusion-column-wrapper fusion-column-has-shadow fusion-flex-column-wrapper-legacy\"><div class=\"fusion-column-content-centered\"><div class=\"fusion-column-content\"><div class=\"fusion-image-element in-legacy-container\" style=\"--awb-caption-title-font-family:var(--h2_typography-font-family);--awb-caption-title-font-weight:var(--h2_typography-font-weight);--awb-caption-title-font-style:var(--h2_typography-font-style);--awb-caption-title-size:var(--h2_typography-font-size);--awb-caption-title-transform:var(--h2_typography-text-transform);--awb-caption-title-line-height:var(--h2_typography-line-height);--awb-caption-title-letter-spacing:var(--h2_typography-letter-spacing);\"><span class=\" fusion-imageframe imageframe-none imageframe-1 hover-type-none\"><a href=\"https:\/\/naturesnestrvcamping.ca\/wp-content\/uploads\/2026\/03\/natures-nest-riverfront-camping-cabins-site-map.jpg\" class=\"fusion-lightbox\" data-rel=\"iLightbox[a6c92ae40def36197b5]\" data-caption=\"Screenshot\" data-title=\"Screenshot\" title=\"Screenshot\"><img decoding=\"async\" width=\"1996\" height=\"1337\" src=\"https:\/\/naturesnestrvcamping.ca\/wp-content\/uploads\/2026\/03\/natures-nest-riverfront-camping-cabins-site-map.jpg\" alt class=\"img-responsive wp-image-7187\" srcset=\"https:\/\/naturesnestrvcamping.ca\/wp-content\/uploads\/2026\/03\/natures-nest-riverfront-camping-cabins-site-map-200x134.jpg 200w, https:\/\/naturesnestrvcamping.ca\/wp-content\/uploads\/2026\/03\/natures-nest-riverfront-camping-cabins-site-map-400x268.jpg 400w, https:\/\/naturesnestrvcamping.ca\/wp-content\/uploads\/2026\/03\/natures-nest-riverfront-camping-cabins-site-map-600x402.jpg 600w, https:\/\/naturesnestrvcamping.ca\/wp-content\/uploads\/2026\/03\/natures-nest-riverfront-camping-cabins-site-map-800x536.jpg 800w, https:\/\/naturesnestrvcamping.ca\/wp-content\/uploads\/2026\/03\/natures-nest-riverfront-camping-cabins-site-map-1200x804.jpg 1200w, https:\/\/naturesnestrvcamping.ca\/wp-content\/uploads\/2026\/03\/natures-nest-riverfront-camping-cabins-site-map.jpg 1996w\" sizes=\"(max-width: 800px) 100vw, 600px\" \/><\/a><\/span><\/div>\n<\/div><\/div><div class=\"fusion-clearfix\"><\/div><\/div><\/div><\/div><\/div><div class=\"fusion-fullwidth fullwidth-box fusion-builder-row-3 has-pattern-background has-mask-background fusion-parallax-none nonhundred-percent-fullwidth non-hundred-percent-height-scrolling\" style=\"--awb-border-radius-top-left:0px;--awb-border-radius-top-right:0px;--awb-border-radius-bottom-right:0px;--awb-border-radius-bottom-left:0px;--awb-padding-top:8%;--awb-padding-right:4%;--awb-padding-bottom:8%;--awb-padding-left:4%;--awb-background-image:url(&quot;https:\/\/naturesnestrvcamping.ca\/wp-content\/uploads\/2025\/05\/IMG_2615.jpeg&quot;);--awb-background-size:cover;--awb-flex-wrap:wrap;\" ><div class=\"fusion-builder-row fusion-row\"><div class=\"fusion-layout-column fusion_builder_column fusion-builder-column-9 fusion_builder_column_1_1 1_1 fusion-one-full fusion-column-first fusion-column-last fusion-animated\" style=\"--awb-padding-top:0px;--awb-padding-right:30px;--awb-padding-left:30px;--awb-bg-color:rgba(0,0,0,0.36);--awb-bg-color-hover:rgba(0,0,0,0.36);--awb-bg-size:cover;\" data-animationType=\"fadeInDown\" data-animationDuration=\"1.0\" data-animationOffset=\"top-into-view\"><div class=\"fusion-column-wrapper fusion-column-has-shadow fusion-flex-column-wrapper-legacy\"><div class=\"fusion-title title fusion-title-4 fusion-sep-none fusion-title-center fusion-title-text fusion-title-size-two\" style=\"--awb-text-color:#ffffff;--awb-margin-top-small:0px;--awb-margin-right-small:0px;--awb-margin-bottom-small:20px;--awb-margin-left-small:0px;\"><h2 class=\"fusion-title-heading title-heading-center fusion-responsive-typography-calculated\" style=\"margin:0;--fontSize:60;line-height:1.5;\">R\u00e9servations des sites<\/h2><\/div><div class=\"fusion-title title fusion-title-5 fusion-sep-none fusion-title-center fusion-title-text fusion-title-size-paragraph\" style=\"--awb-text-color:#ffffff;--awb-margin-top-small:0px;--awb-margin-right-small:0px;--awb-margin-bottom-small:20px;--awb-margin-left-small:0px;\"><p class=\"fusion-title-heading title-heading-center title-heading-tag fusion-responsive-typography-calculated\" style=\"margin:0;--fontSize:20;--minFontSize:20;line-height:1.5;\"><span style=\"color: #ffffff;\">Utilisez le formulaire ci-dessous pour rechercher les sites disponibles<\/span><br \/>\n<span style=\"color: #ffffff;\"><strong>Saison: 1er juin au 30 septembre<\/strong><\/span><\/p><\/div><div class=\"fusion-text fusion-text-3\" style=\"--awb-text-color:#ffffff;\"><div class=\"mphb_sc_search-wrapper is-style-horizontal-form mphbs-fluid-button\">\n<form method=\"GET\" class=\"mphb_sc_search-form custom_search_form\" action=\"https:\/\/naturesnestrvcamping.ca\/fr\/resultats-de-recherche\/\" data-first_available_check_in_date=\"2026-05-01\">\n\n\t<p class = \"mphb-required-fields-tip\">\n\t<small>\n\t\tLes champs obligatoires sont suivis de\t\t<abbr title=\"required\">*<\/abbr>\n\t<\/small>\n<\/p>\n\n\t<p class=\"mphb_sc_search-check-in-date\">\n\t\t<label for=\"mphb_check_in_date-mphb-search-form-69dded910ee1c\">\n\t\t\tArriv\u00e9e\t\t\t<abbr title=\"Format\u00e9 comme dd\/mm\/yyyy\">*<\/abbr>\n\t\t<\/label>\n\t\t<br \/>\n\t\t<input\n\t\t\tid=\"mphb_check_in_date-mphb-search-form-69dded910ee1c\"\n\t\t\tdata-datepick-group=\"mphb-search-form-69dded910ee1c\"\n\t\t\tvalue=\"\"\n\t\t\tplaceholder=\"Date d&#039;arriv\u00e9e\"\n\t\t\trequired=\"required\"\n\t\t\ttype=\"text\"\n\t\t\tinputmode=\"none\"\n\t\t\tname=\"mphb_check_in_date\"\n\t\t\tclass=\"mphb-datepick\"\n\t\t\tautocomplete=\"off\"\n\t\t\t\/>\n\t<\/p>\n\n\t<p class=\"mphb_sc_search-check-out-date\">\n\t\t<label for=\"mphb_check_out_date-mphb-search-form-69dded910ee1c\">\n\t\t\tD\u00e9part\t\t\t<abbr title=\"Format\u00e9 comme dd\/mm\/yyyy\">*<\/abbr>\n\t\t<\/label>\n\t\t<br \/>\n\t\t<input\n\t\t\tid=\"mphb_check_out_date-mphb-search-form-69dded910ee1c\"\n\t\t\tdata-datepick-group=\"mphb-search-form-69dded910ee1c\"\n\t\t\tvalue=\"\"\n\t\t\tplaceholder=\"Date de d\u00e9part\"\n\t\t\trequired=\"required\"\n\t\t\ttype=\"text\"\n\t\t\tinputmode=\"none\"\n\t\t\tname=\"mphb_check_out_date\"\n\t\t\tclass=\"mphb-datepick\"\n\t\t\tautocomplete=\"off\"\n\t\t\t\/>\n\t<\/p>\n\n\t\t\t<input type=\"hidden\" id=\"mphb_adults-mphb-search-form-69dded910ee1c\" name=\"mphb_adults\" value=\"1\" \/>\n\t\n\t\t\t<input type=\"hidden\" id=\"mphb_children-mphb-search-form-69dded910ee1c\" name=\"mphb_children\" value=\"0\" \/>\n\t\n\t\n\t\n\t<input id=\"mphb_check_in_date-mphb-search-form-69dded910ee1c-hidden\" value=\"\" type=\"hidden\" name=\"mphb_check_in_date\" \/><input id=\"mphb_check_out_date-mphb-search-form-69dded910ee1c-hidden\" value=\"\" type=\"hidden\" name=\"mphb_check_out_date\" \/>\n\t<p class=\"mphb_sc_search-submit-button-wrapper\">\n\t\t<input type=\"submit\" class=\"button\" value=\"Chercher\"\/>\n\t<\/p>\n\n\t\n\t<script>\n\t\tjQuery(document).ready(function($) {\n\t\t\n\t\t\/\/ 1. Hide the Lot Type field immediately for all searches\n    \t\t$('.mphb_sc_search-lot-type').hide();\n\t\t\n\t\t\tfunction toggleMaxTrailerLength() {\n\t\t\t\t\n\t\t\t\tvar lotType = $('select[name=\"mphb_attributes[lot-type]\"]').val();\n\t\t\t\t\n\t\t\t\tif (lotType === \"194\" || lotType === \"197\" || lotType === \"247\" || lotType === \"249\"){\n\t\t\t\t\t$('.mphb_sc_search-max-trailer-length').hide();\n\t\t\t\t} else {\n\t\t\t\t\t$('.mphb_sc_search-max-trailer-length').show();\n\t\t\t\t}\n\t\t\t}\n\n\t\t\t\/\/ Run on page load\n\t\t\ttoggleMaxTrailerLength();\n\n\t\t\t\/\/ Run when the select field changes\n\t\t\t$('select[name=\"mphb_attributes[lot-type]\"]').on('change', toggleMaxTrailerLength);\n\t\t});\n\t<\/script>\n\n\t\n<\/form>\n<\/div>\n<\/div><div class=\"fusion-text fusion-text-4 text-white\" style=\"--awb-content-alignment:center;--awb-text-color:#ffffff;\"><p style=\"text-align: center;\"><strong>Pour plus d&rsquo;informations, veuillez nous contacter \u00e0: <span style=\"text-decoration: underline;\"><a href=\"mailto:info@naturesnestrvcamping.ca\">info@naturesnestrvcamping.ca<\/a><\/span>.<\/strong><\/p>\n<\/div><div class=\"fusion-clearfix\"><\/div><\/div><\/div><\/div><\/div><div class=\"fusion-fullwidth fullwidth-box fusion-builder-row-4 has-pattern-background has-mask-background fusion-parallax-none nonhundred-percent-fullwidth non-hundred-percent-height-scrolling\" style=\"--awb-background-position:center bottom;--awb-border-radius-top-left:0px;--awb-border-radius-top-right:0px;--awb-border-radius-bottom-right:0px;--awb-border-radius-bottom-left:0px;--awb-padding-top:30px;--awb-padding-bottom:4%;--awb-margin-top:0px;--awb-margin-bottom:0px;--awb-background-image:url(&quot;https:\/\/naturesnestrvcamping.ca\/wp-content\/uploads\/2019\/12\/landscaper-about-services-background.jpg&quot;);--awb-background-size:cover;--awb-flex-wrap:wrap;\" ><div class=\"fusion-builder-row fusion-row\"><div class=\"fusion-layout-column fusion_builder_column fusion-builder-column-10 fusion_builder_column_1_1 1_1 fusion-one-full fusion-column-first fusion-column-last fusion-animated\" style=\"--awb-padding-bottom:6%;--awb-bg-size:cover;\" data-animationType=\"fadeInDown\" data-animationDuration=\"1.0\" data-animationOffset=\"top-into-view\"><div class=\"fusion-column-wrapper fusion-column-has-shadow fusion-flex-column-wrapper-legacy\"><div class=\"fusion-title title fusion-title-6 fusion-sep-none fusion-title-center fusion-title-text fusion-title-size-two\" style=\"--awb-margin-top-small:0px;--awb-margin-right-small:0px;--awb-margin-bottom-small:20px;--awb-margin-left-small:0px;\"><h2 class=\"fusion-title-heading title-heading-center fusion-responsive-typography-calculated\" style=\"margin:0;--fontSize:60;line-height:1.5;\">Plan du camping<\/h2><\/div><div class=\"fusion-image-element fusion-image-align-center in-legacy-container\" style=\"text-align:center;--awb-caption-title-font-family:var(--h2_typography-font-family);--awb-caption-title-font-weight:var(--h2_typography-font-weight);--awb-caption-title-font-style:var(--h2_typography-font-style);--awb-caption-title-size:var(--h2_typography-font-size);--awb-caption-title-transform:var(--h2_typography-text-transform);--awb-caption-title-line-height:var(--h2_typography-line-height);--awb-caption-title-letter-spacing:var(--h2_typography-letter-spacing);\"><div class=\"imageframe-align-center\"><span class=\" fusion-imageframe imageframe-none imageframe-2 hover-type-none\"><a class=\"fusion-no-lightbox\" href=\"https:\/\/naturesnestrvcamping.ca\/wp-content\/uploads\/2025\/07\/Site-Plan-Natures-Nest-Camping-Miramichi-NB-1024x683.jpg\" target=\"_blank\" aria-label=\"NaturesNest-SitePlan-12&#215;18-Out\" rel=\"noopener noreferrer\"><img decoding=\"async\" width=\"1024\" height=\"683\" alt=\"Park layout\" src=\"https:\/\/naturesnestrvcamping.ca\/wp-content\/uploads\/2025\/07\/Site-Plan-Natures-Nest-Camping-Miramichi-NB-1024x683.jpg\" class=\"img-responsive wp-image-5724\" srcset=\"https:\/\/naturesnestrvcamping.ca\/wp-content\/uploads\/2025\/07\/Site-Plan-Natures-Nest-Camping-Miramichi-NB-200x133.jpg 200w, https:\/\/naturesnestrvcamping.ca\/wp-content\/uploads\/2025\/07\/Site-Plan-Natures-Nest-Camping-Miramichi-NB-400x267.jpg 400w, https:\/\/naturesnestrvcamping.ca\/wp-content\/uploads\/2025\/07\/Site-Plan-Natures-Nest-Camping-Miramichi-NB-600x400.jpg 600w, https:\/\/naturesnestrvcamping.ca\/wp-content\/uploads\/2025\/07\/Site-Plan-Natures-Nest-Camping-Miramichi-NB-800x533.jpg 800w, https:\/\/naturesnestrvcamping.ca\/wp-content\/uploads\/2025\/07\/Site-Plan-Natures-Nest-Camping-Miramichi-NB-1200x800.jpg 1200w\" sizes=\"(max-width: 800px) 100vw, 1024px\" \/><\/a><\/span><\/div><\/div><div class=\"fusion-clearfix\"><\/div><\/div><\/div><\/div><\/div>\n<\/p>\n","protected":false},"excerpt":{"rendered":"","protected":false},"author":3485,"featured_media":0,"parent":0,"menu_order":1,"comment_status":"closed","ping_status":"closed","template":"100-width.php","meta":{"footnotes":""},"class_list":["post-4397","page","type-page","status-publish","hentry"],"_links":{"self":[{"href":"https:\/\/naturesnestrvcamping.ca\/fr\/wp-json\/wp\/v2\/pages\/4397","targetHints":{"allow":["GET"]}}],"collection":[{"href":"https:\/\/naturesnestrvcamping.ca\/fr\/wp-json\/wp\/v2\/pages"}],"about":[{"href":"https:\/\/naturesnestrvcamping.ca\/fr\/wp-json\/wp\/v2\/types\/page"}],"author":[{"embeddable":true,"href":"https:\/\/naturesnestrvcamping.ca\/fr\/wp-json\/wp\/v2\/users\/3485"}],"replies":[{"embeddable":true,"href":"https:\/\/naturesnestrvcamping.ca\/fr\/wp-json\/wp\/v2\/comments?post=4397"}],"version-history":[{"count":1,"href":"https:\/\/naturesnestrvcamping.ca\/fr\/wp-json\/wp\/v2\/pages\/4397\/revisions"}],"predecessor-version":[{"id":7198,"href":"https:\/\/naturesnestrvcamping.ca\/fr\/wp-json\/wp\/v2\/pages\/4397\/revisions\/7198"}],"wp:attachment":[{"href":"https:\/\/naturesnestrvcamping.ca\/fr\/wp-json\/wp\/v2\/media?parent=4397"}],"curies":[{"name":"wp","href":"https:\/\/api.w.org\/{rel}","templated":true}]}}