{"id":2398,"date":"2023-11-01T13:55:19","date_gmt":"2023-11-01T16:55:19","guid":{"rendered":"https:\/\/naturesnestrvcamping.ca\/?page_id=2398"},"modified":"2026-02-26T21:08:22","modified_gmt":"2026-02-27T01:08:22","slug":"acces-a-la-riviere","status":"publish","type":"page","link":"https:\/\/naturesnestrvcamping.ca\/fr\/acces-a-la-riviere\/","title":{"rendered":"Acc\u00e8s \u00e0 la rivi\u00e8re"},"content":{"rendered":"<div class=\"fusion-fullwidth fullwidth-box fusion-builder-row-1 has-pattern-background has-mask-background nonhundred-percent-fullwidth non-hundred-percent-height-scrolling\" style=\"--awb-background-position:center bottom;--awb-border-radius-top-left:0px;--awb-border-radius-top-right:0px;--awb-border-radius-bottom-right:0px;--awb-border-radius-bottom-left:0px;--awb-padding-top:4%;--awb-padding-right:4%;--awb-padding-bottom:4%;--awb-padding-left:4%;--awb-flex-wrap:wrap;\" ><div class=\"fusion-builder-row fusion-row\"><div class=\"fusion-layout-column fusion_builder_column fusion-builder-column-0 fusion_builder_column_1_1 1_1 fusion-one-full fusion-column-first fusion-column-last fusion-animated\" style=\"--awb-padding-bottom:30px;--awb-bg-size:cover;\" data-animationType=\"fadeInDown\" data-animationDuration=\"1.0\" data-animationOffset=\"top-into-view\"><div class=\"fusion-column-wrapper fusion-column-has-shadow fusion-flex-column-wrapper-legacy\"><div class=\"fusion-title title fusion-title-1 fusion-sep-none fusion-title-center fusion-title-text fusion-title-size-two\" style=\"--awb-margin-top-small:0px;--awb-margin-right-small:0px;--awb-margin-bottom-small:20px;--awb-margin-left-small:0px;\"><h2 class=\"fusion-title-heading title-heading-center fusion-responsive-typography-calculated\" style=\"margin:0;--fontSize:60;line-height:1.5;\"><p>Acc\u00e8s \u00e0 la rivi\u00e8re<br \/>\nMiramichi Sud-Ouest<\/p><\/h2><\/div><div class=\"fusion-clearfix\"><\/div><\/div><\/div><div class=\"fusion-layout-column fusion_builder_column fusion-builder-column-1 fusion_builder_column_1_1 1_1 fusion-one-full fusion-column-first fusion-column-last fusion-animated\" style=\"--awb-bg-size:cover;--awb-margin-bottom:30px;\" data-animationType=\"fadeInLeft\" data-animationDuration=\"1.0\" data-animationOffset=\"top-into-view\"><div class=\"fusion-column-wrapper fusion-column-has-shadow fusion-flex-column-wrapper-legacy\"><div class=\"fusion-sep-clear\"><\/div><div class=\"fusion-separator fusion-full-width-sep\" style=\"margin-left: auto;margin-right: auto;margin-top:30px;width:100%;\"><\/div><div class=\"fusion-sep-clear\"><\/div><div class=\"fusion-text fusion-text-1\" style=\"--awb-content-alignment:center;\"><p>Puisque Natures Nest est situ\u00e9 \u00e0 l&rsquo;int\u00e9rieur des limites du village de Blackville, nos campeurs ont acc\u00e8s au magnifique parc municipal, situ\u00e9 en bordure de la rivi\u00e8re Miramichi Sud-Ouest. Ce parc est situ\u00e9 \u00e0 environ 5 km de notre camping et offre divers sites de pique-nique ainsi que des aires de repos offrant une vue imprenable sur la rivi\u00e8re.<\/p>\n<p>En plus de leur terrain de jeux pour enfants ainsi que leurs grands aires de stationnement, le parc offre \u00e9galement une rampe de mise \u00e0 l&rsquo;eau pour bateaux d&rsquo;o\u00f9 les campeurs peuvent acc\u00e9der la rivi\u00e8re Miramichi Sud-Ouest en toute s\u00e9curit\u00e9.<\/p>\n<p>Le parc, est aussi consid\u00e9r\u00e9 comme un point central important et peut donc facilement devenir votre point de d\u00e9part et d&rsquo;arriv\u00e9e pour vos aventures de p\u00eache, de navigation de plaisance et de VTT.<\/p>\n<\/div><div class=\"fusion-clearfix\"><\/div><\/div><\/div><div class=\"fusion-layout-column fusion_builder_column fusion-builder-column-2 fusion_builder_column_1_1 1_1 fusion-one-full fusion-column-first fusion-column-last\" style=\"--awb-bg-size:cover;\"><div class=\"fusion-column-wrapper fusion-column-has-shadow fusion-flex-column-wrapper-legacy\"><div class=\"fusion-slider-sc fusion-flexslider-loading flexslider fusion-aligncenter flexslider-hover-type-none\" data-slideshow_autoplay=\"1\" data-slideshow_smooth_height=\"0\" data-slideshow_speed=\"2000\" style=\"max-width:75%;height:75%;\"><ul class=\"slides\"><li class=\"image\"><span class=\"fusion-image-hover-element hover-type-none\"><img decoding=\"async\" src=\"https:\/\/naturesnestrvcamping.ca\/wp-content\/uploads\/2023\/10\/DJI_0708.jpeg\" width=\"2087\" height=\"1769\" class=\"wp-image-2318\" srcset=\"https:\/\/naturesnestrvcamping.ca\/wp-content\/uploads\/2023\/10\/DJI_0708-200x170.jpeg 200w, https:\/\/naturesnestrvcamping.ca\/wp-content\/uploads\/2023\/10\/DJI_0708-400x339.jpeg 400w, https:\/\/naturesnestrvcamping.ca\/wp-content\/uploads\/2023\/10\/DJI_0708-600x509.jpeg 600w, https:\/\/naturesnestrvcamping.ca\/wp-content\/uploads\/2023\/10\/DJI_0708-800x678.jpeg 800w, https:\/\/naturesnestrvcamping.ca\/wp-content\/uploads\/2023\/10\/DJI_0708-1200x1017.jpeg 1200w, https:\/\/naturesnestrvcamping.ca\/wp-content\/uploads\/2023\/10\/DJI_0708.jpeg 2087w\" sizes=\"(max-width: 800px) 100vw, 2087px\" \/><\/span><\/li><li class=\"image\"><span class=\"fusion-image-hover-element hover-type-none\"><img decoding=\"async\" src=\"https:\/\/naturesnestrvcamping.ca\/wp-content\/uploads\/2023\/10\/DJI_0727-scaled.jpeg\" width=\"2560\" height=\"1707\" class=\"wp-image-2320\" srcset=\"https:\/\/naturesnestrvcamping.ca\/wp-content\/uploads\/2023\/10\/DJI_0727-200x133.jpeg 200w, https:\/\/naturesnestrvcamping.ca\/wp-content\/uploads\/2023\/10\/DJI_0727-400x267.jpeg 400w, https:\/\/naturesnestrvcamping.ca\/wp-content\/uploads\/2023\/10\/DJI_0727-600x400.jpeg 600w, https:\/\/naturesnestrvcamping.ca\/wp-content\/uploads\/2023\/10\/DJI_0727-800x533.jpeg 800w, https:\/\/naturesnestrvcamping.ca\/wp-content\/uploads\/2023\/10\/DJI_0727-1200x800.jpeg 1200w, https:\/\/naturesnestrvcamping.ca\/wp-content\/uploads\/2023\/10\/DJI_0727-scaled.jpeg 2560w\" sizes=\"(max-width: 800px) 100vw, 2560px\" \/><\/span><\/li><li class=\"image\"><span class=\"fusion-image-hover-element hover-type-none\"><img decoding=\"async\" src=\"https:\/\/naturesnestrvcamping.ca\/wp-content\/uploads\/2023\/11\/DJI_0691-scaled.jpeg\" width=\"2560\" height=\"1688\" class=\"wp-image-2413\" srcset=\"https:\/\/naturesnestrvcamping.ca\/wp-content\/uploads\/2023\/11\/DJI_0691-200x132.jpeg 200w, https:\/\/naturesnestrvcamping.ca\/wp-content\/uploads\/2023\/11\/DJI_0691-400x264.jpeg 400w, https:\/\/naturesnestrvcamping.ca\/wp-content\/uploads\/2023\/11\/DJI_0691-600x396.jpeg 600w, https:\/\/naturesnestrvcamping.ca\/wp-content\/uploads\/2023\/11\/DJI_0691-800x528.jpeg 800w, https:\/\/naturesnestrvcamping.ca\/wp-content\/uploads\/2023\/11\/DJI_0691-1200x791.jpeg 1200w, https:\/\/naturesnestrvcamping.ca\/wp-content\/uploads\/2023\/11\/DJI_0691-scaled.jpeg 2560w\" sizes=\"(max-width: 800px) 100vw, 2560px\" \/><\/span><\/li><li class=\"image\"><span class=\"fusion-image-hover-element hover-type-none\"><img decoding=\"async\" src=\"https:\/\/naturesnestrvcamping.ca\/wp-content\/uploads\/2023\/10\/IMG_0956.jpeg\" width=\"1510\" height=\"1650\" class=\"wp-image-2326\" srcset=\"https:\/\/naturesnestrvcamping.ca\/wp-content\/uploads\/2023\/10\/IMG_0956-500x546.jpeg 500w, https:\/\/naturesnestrvcamping.ca\/wp-content\/uploads\/2023\/10\/IMG_0956-700x765.jpeg 700w, https:\/\/naturesnestrvcamping.ca\/wp-content\/uploads\/2023\/10\/IMG_0956.jpeg 1510w\" sizes=\"(max-width: 1510px) 100vw, 1510px\" \/><\/span><\/li><li class=\"image\"><span class=\"fusion-image-hover-element hover-type-none\"><img decoding=\"async\" src=\"https:\/\/naturesnestrvcamping.ca\/wp-content\/uploads\/2023\/10\/DJI_0729.jpeg\" width=\"2251\" height=\"1650\" class=\"wp-image-2328\" srcset=\"https:\/\/naturesnestrvcamping.ca\/wp-content\/uploads\/2023\/10\/DJI_0729-200x147.jpeg 200w, https:\/\/naturesnestrvcamping.ca\/wp-content\/uploads\/2023\/10\/DJI_0729-400x293.jpeg 400w, https:\/\/naturesnestrvcamping.ca\/wp-content\/uploads\/2023\/10\/DJI_0729-600x440.jpeg 600w, https:\/\/naturesnestrvcamping.ca\/wp-content\/uploads\/2023\/10\/DJI_0729-800x586.jpeg 800w, https:\/\/naturesnestrvcamping.ca\/wp-content\/uploads\/2023\/10\/DJI_0729-1200x880.jpeg 1200w, https:\/\/naturesnestrvcamping.ca\/wp-content\/uploads\/2023\/10\/DJI_0729.jpeg 2251w\" sizes=\"(max-width: 800px) 100vw, 2251px\" \/><\/span><\/li><li class=\"image\"><span class=\"fusion-image-hover-element hover-type-none\"><img decoding=\"async\" src=\"https:\/\/naturesnestrvcamping.ca\/wp-content\/uploads\/2023\/11\/DJI_0706.jpg\" width=\"2358\" height=\"1387\" class=\"wp-image-2416\" srcset=\"https:\/\/naturesnestrvcamping.ca\/wp-content\/uploads\/2023\/11\/DJI_0706-200x118.jpg 200w, https:\/\/naturesnestrvcamping.ca\/wp-content\/uploads\/2023\/11\/DJI_0706-400x235.jpg 400w, https:\/\/naturesnestrvcamping.ca\/wp-content\/uploads\/2023\/11\/DJI_0706-600x353.jpg 600w, https:\/\/naturesnestrvcamping.ca\/wp-content\/uploads\/2023\/11\/DJI_0706-800x471.jpg 800w, https:\/\/naturesnestrvcamping.ca\/wp-content\/uploads\/2023\/11\/DJI_0706-1200x706.jpg 1200w, https:\/\/naturesnestrvcamping.ca\/wp-content\/uploads\/2023\/11\/DJI_0706.jpg 2358w\" sizes=\"(max-width: 800px) 100vw, 2358px\" \/><\/span><\/li><\/ul><\/div><div class=\"fusion-clearfix\"><\/div><\/div><\/div><\/div><\/div>\n","protected":false},"excerpt":{"rendered":"","protected":false},"author":1,"featured_media":0,"parent":0,"menu_order":0,"comment_status":"closed","ping_status":"closed","template":"100-width.php","meta":{"footnotes":""},"class_list":["post-2398","page","type-page","status-publish","hentry"],"_links":{"self":[{"href":"https:\/\/naturesnestrvcamping.ca\/fr\/wp-json\/wp\/v2\/pages\/2398","targetHints":{"allow":["GET"]}}],"collection":[{"href":"https:\/\/naturesnestrvcamping.ca\/fr\/wp-json\/wp\/v2\/pages"}],"about":[{"href":"https:\/\/naturesnestrvcamping.ca\/fr\/wp-json\/wp\/v2\/types\/page"}],"author":[{"embeddable":true,"href":"https:\/\/naturesnestrvcamping.ca\/fr\/wp-json\/wp\/v2\/users\/1"}],"replies":[{"embeddable":true,"href":"https:\/\/naturesnestrvcamping.ca\/fr\/wp-json\/wp\/v2\/comments?post=2398"}],"version-history":[{"count":1,"href":"https:\/\/naturesnestrvcamping.ca\/fr\/wp-json\/wp\/v2\/pages\/2398\/revisions"}],"predecessor-version":[{"id":7024,"href":"https:\/\/naturesnestrvcamping.ca\/fr\/wp-json\/wp\/v2\/pages\/2398\/revisions\/7024"}],"wp:attachment":[{"href":"https:\/\/naturesnestrvcamping.ca\/fr\/wp-json\/wp\/v2\/media?parent=2398"}],"curies":[{"name":"wp","href":"https:\/\/api.w.org\/{rel}","templated":true}]}}